{"id":60,"date":"2025-07-15T16:36:38","date_gmt":"2025-07-16T00:36:38","guid":{"rendered":"https:\/\/holilite.com\/?page_id=60"},"modified":"2025-11-04T23:05:17","modified_gmt":"2025-11-05T07:05:17","slug":"planification","status":"publish","type":"page","link":"https:\/\/holilite.com\/fr\/equipe\/","title":{"rendered":"\u00c9quipe"},"content":{"rendered":"<div data-elementor-type=\"wp-page\" data-elementor-id=\"60\" class=\"elementor elementor-60\" data-elementor-post-type=\"page\">\n\t\t\t\t<div class=\"elementor-element elementor-element-8f7b879 e-flex e-con-boxed e-con e-parent\" data-id=\"8f7b879\" data-element_type=\"container\" data-e-type=\"container\" data-settings=\"{&quot;background_background&quot;:&quot;classic&quot;}\">\n\t\t\t\t\t<div class=\"e-con-inner\">\n\t\t\t\t<div class=\"elementor-element elementor-element-6812d3d elementor-align-left elementor-hidden-mobile elementor-widget elementor-widget-breadcrumbs\" data-id=\"6812d3d\" data-element_type=\"widget\" data-e-type=\"widget\" data-widget_type=\"breadcrumbs.default\">\n\t\t\t\t<div class=\"elementor-widget-container\">\n\t\t\t\t\t<p id=\"breadcrumbs\"><span><span><a href=\"https:\/\/holilite.com\/fr\/\">Accueil<\/a><\/span><\/span><\/p>\t\t\t\t<\/div>\n\t\t\t\t<\/div>\n\t\t\t\t<div class=\"elementor-element elementor-element-a8f2629 elementor-widget elementor-widget-heading\" data-id=\"a8f2629\" data-element_type=\"widget\" data-e-type=\"widget\" data-widget_type=\"heading.default\">\n\t\t\t\t\t<h2 class=\"elementor-heading-title elementor-size-default\">\u00c9quipe<\/h2>\t\t\t\t<\/div>\n\t\t\t\t\t<\/div>\n\t\t\t\t<\/div>\n\t\t<div class=\"elementor-element elementor-element-7acf4b2 e-flex e-con-boxed e-con e-parent\" data-id=\"7acf4b2\" data-element_type=\"container\" data-e-type=\"container\">\n\t\t\t\t\t<div class=\"e-con-inner\">\n\t\t<div class=\"elementor-element elementor-element-80a8660 e-con-full e-flex e-con e-child\" data-id=\"80a8660\" data-element_type=\"container\" data-e-type=\"container\">\n\t\t\t\t<div class=\"elementor-element elementor-element-235e799 elementor-widget elementor-widget-heading\" data-id=\"235e799\" data-element_type=\"widget\" data-e-type=\"widget\" data-widget_type=\"heading.default\">\n\t\t\t\t\t<h2 class=\"elementor-heading-title elementor-size-default\">Profil de l'\u00e9quipe<\/h2>\t\t\t\t<\/div>\n\t\t\t\t<div class=\"elementor-element elementor-element-e8f43d1 elementor-widget elementor-widget-text-editor\" data-id=\"e8f43d1\" data-element_type=\"widget\" data-e-type=\"widget\" data-widget_type=\"text-editor.default\">\n\t\t\t\t\t\t\t\t\t<p>Le fondateur de Huayicai et l'inventeur de nouveaux mat\u00e9riaux. Gr\u00e2ce \u00e0 ces nouveaux mat\u00e9riaux, les lanternes peuvent \u00eatre utilis\u00e9es \u00e0 l'ext\u00e9rieur pendant un an sans se d\u00e9colorer, et \u00e0 l'int\u00e9rieur pendant 10 ans. Da Gao, qui travaille dans l'industrie de l'\u00e9clairage paysager depuis sa sortie de l'universit\u00e9, a rassembl\u00e9 une \u00e9quipe pour le festival des lanternes, dot\u00e9e d'un fort pouvoir de combat et d'ex\u00e9cution \u00e0 Dongguan, dans la province de Guangdong. Gr\u00e2ce \u00e0 l'introduction d'une gestion moderne, les lanternes traditionnelles diffusent la lumi\u00e8re la plus brillante. L'entreprise Huayicai s'est d\u00e9velopp\u00e9e et a obtenu de fiers r\u00e9sultats. Elle a remport\u00e9 des centaines de milliers de projets de lanternes, puis des millions de projets de lanternes, et a m\u00eame d\u00e9pass\u00e9 les dizaines de millions de dollars. Le projet d'\u00e9clairage 3D de Taiyuan co\u00fbte 20 millions de CNY. Sous sa direction, l'\u00e9quipe s'est rendue \u00e0 l'\u00e9tranger et a visit\u00e9 le monde entier. \u00c0 Duba\u00ef, dans le village global des \u00c9mirats arabes unis, \u00e0 Dano en Tha\u00eflande, \u00e0 Penang en Malaisie, \u00e0 Singapour, \u00e0 Toronto au Canada, en Ouzb\u00e9kistan et dans bien d'autres pays, les projets de lanternes ont re\u00e7u des \u00e9loges de l'\u00e9tranger et ont fait de modestes efforts pour mettre en pratique la confiance culturelle propos\u00e9e par le pays.<\/p>\t\t\t\t\t\t\t\t<\/div>\n\t\t\t\t<div class=\"elementor-element elementor-element-ae2c875 elementor-widget elementor-widget-heading\" data-id=\"ae2c875\" data-element_type=\"widget\" data-e-type=\"widget\" data-widget_type=\"heading.default\">\n\t\t\t\t\t<h2 class=\"elementor-heading-title elementor-size-default\">David gao<\/h2>\t\t\t\t<\/div>\n\t\t\t\t<\/div>\n\t\t<div class=\"elementor-element elementor-element-771253a e-con-full e-flex e-con e-child\" data-id=\"771253a\" data-element_type=\"container\" data-e-type=\"container\">\n\t\t\t\t<div class=\"elementor-element elementor-element-c0e4460 elementor-widget elementor-widget-image\" data-id=\"c0e4460\" data-element_type=\"widget\" data-e-type=\"widget\" data-widget_type=\"image.default\">\n\t\t\t\t\t\t\t\t\t\t\t\t\t\t\t<img fetchpriority=\"high\" decoding=\"async\" width=\"781\" height=\"781\" src=\"https:\/\/holilite.com\/wp-content\/uploads\/2025\/07\/team-1.jpg\" class=\"attachment-large size-large wp-image-330\" alt=\"\" srcset=\"https:\/\/holilite.com\/wp-content\/uploads\/2025\/07\/team-1.jpg 781w, https:\/\/holilite.com\/wp-content\/uploads\/2025\/07\/team-1-300x300.jpg 300w, https:\/\/holilite.com\/wp-content\/uploads\/2025\/07\/team-1-150x150.jpg 150w, https:\/\/holilite.com\/wp-content\/uploads\/2025\/07\/team-1-768x768.jpg 768w\" sizes=\"(max-width: 781px) 100vw, 781px\" \/>\t\t\t\t\t\t\t\t\t\t\t\t\t\t\t<\/div>\n\t\t\t\t<\/div>\n\t\t\t\t\t<\/div>\n\t\t\t\t<\/div>\n\t\t<div class=\"elementor-element elementor-element-0121ad4 e-flex e-con-boxed e-con e-parent\" data-id=\"0121ad4\" data-element_type=\"container\" data-e-type=\"container\">\n\t\t\t\t\t<div class=\"e-con-inner\">\n\t\t\t\t<div class=\"elementor-element elementor-element-f38909f elementor-arrows-position-inside elementor-pagination-position-outside elementor-widget elementor-widget-image-carousel\" data-id=\"f38909f\" data-element_type=\"widget\" data-e-type=\"widget\" data-settings=\"{&quot;slides_to_show&quot;:&quot;3&quot;,&quot;image_spacing_custom&quot;:{&quot;unit&quot;:&quot;px&quot;,&quot;size&quot;:10,&quot;sizes&quot;:[]},&quot;navigation&quot;:&quot;both&quot;,&quot;autoplay&quot;:&quot;yes&quot;,&quot;pause_on_hover&quot;:&quot;yes&quot;,&quot;pause_on_interaction&quot;:&quot;yes&quot;,&quot;autoplay_speed&quot;:5000,&quot;infinite&quot;:&quot;yes&quot;,&quot;speed&quot;:500,&quot;image_spacing_custom_tablet&quot;:{&quot;unit&quot;:&quot;px&quot;,&quot;size&quot;:&quot;&quot;,&quot;sizes&quot;:[]},&quot;image_spacing_custom_mobile&quot;:{&quot;unit&quot;:&quot;px&quot;,&quot;size&quot;:&quot;&quot;,&quot;sizes&quot;:[]}}\" data-widget_type=\"image-carousel.default\">\n\t\t\t\t\t\t\t<div class=\"elementor-image-carousel-wrapper swiper\" role=\"region\" aria-roledescription=\"carousel\" aria-label=\"\u56fe\u50cf\u8f6e\u64ad\" dir=\"ltr\">\n\t\t\t<div class=\"elementor-image-carousel swiper-wrapper swiper-image-stretch\" aria-live=\"off\">\n\t\t\t\t\t\t\t\t<div class=\"swiper-slide\" role=\"group\" aria-roledescription=\"slide\" aria-label=\"1 \/ 6\" data-no-translation-aria-label=\"\"><figure class=\"swiper-slide-inner\"><img decoding=\"async\" class=\"swiper-slide-image\" src=\"https:\/\/holilite.com\/wp-content\/uploads\/2025\/07\/1-3.jpg\" alt=\"1\" \/><\/figure><\/div><div class=\"swiper-slide\" role=\"group\" aria-roledescription=\"slide\" aria-label=\"2 \/ 6\" data-no-translation-aria-label=\"\"><figure class=\"swiper-slide-inner\"><img decoding=\"async\" class=\"swiper-slide-image\" src=\"https:\/\/holilite.com\/wp-content\/uploads\/2025\/07\/2-3.jpg\" alt=\"2\" \/><\/figure><\/div><div class=\"swiper-slide\" role=\"group\" aria-roledescription=\"slide\" aria-label=\"3 \/ 6\" data-no-translation-aria-label=\"\"><figure class=\"swiper-slide-inner\"><img decoding=\"async\" class=\"swiper-slide-image\" src=\"https:\/\/holilite.com\/wp-content\/uploads\/2025\/07\/3-2.jpg\" alt=\"3\" \/><\/figure><\/div><div class=\"swiper-slide\" role=\"group\" aria-roledescription=\"slide\" aria-label=\"4 \/ 6\" data-no-translation-aria-label=\"\"><figure class=\"swiper-slide-inner\"><img decoding=\"async\" class=\"swiper-slide-image\" src=\"https:\/\/holilite.com\/wp-content\/uploads\/2025\/07\/4-2.jpg\" alt=\"Histoire de la marque HOLILITE\" \/><\/figure><\/div><div class=\"swiper-slide\" role=\"group\" aria-roledescription=\"slide\" aria-label=\"5 \/ 6\" data-no-translation-aria-label=\"\"><figure class=\"swiper-slide-inner\"><img decoding=\"async\" class=\"swiper-slide-image\" src=\"https:\/\/holilite.com\/wp-content\/uploads\/2025\/07\/5-2.jpg\" alt=\"5\" \/><\/figure><\/div><div class=\"swiper-slide\" role=\"group\" aria-roledescription=\"slide\" aria-label=\"6 \/ 6\" data-no-translation-aria-label=\"\"><figure class=\"swiper-slide-inner\"><img decoding=\"async\" class=\"swiper-slide-image\" src=\"https:\/\/holilite.com\/wp-content\/uploads\/2025\/07\/6-2.jpg\" alt=\"6\" \/><\/figure><\/div>\t\t\t<\/div>\n\t\t\t\t\t\t\t\t\t\t\t\t<div class=\"elementor-swiper-button elementor-swiper-button-prev\" role=\"button\" tabindex=\"0\">\n\t\t\t\t\t\t<svg aria-hidden=\"true\" class=\"e-font-icon-svg e-eicon-chevron-left\" viewbox=\"0 0 1000 1000\" xmlns=\"http:\/\/www.w3.org\/2000\/svg\"><path d=\"M646 125C629 125 613 133 604 142L308 442C296 454 292 471 292 487 292 504 296 521 308 533L604 854C617 867 629 875 646 875 663 875 679 871 692 858 704 846 713 829 713 812 713 796 708 779 692 767L438 487 692 225C700 217 708 204 708 187 708 171 704 154 692 142 675 129 663 125 646 125Z\"><\/path><\/svg>\t\t\t\t\t<\/div>\n\t\t\t\t\t<div class=\"elementor-swiper-button elementor-swiper-button-next\" role=\"button\" tabindex=\"0\">\n\t\t\t\t\t\t<svg aria-hidden=\"true\" class=\"e-font-icon-svg e-eicon-chevron-right\" viewbox=\"0 0 1000 1000\" xmlns=\"http:\/\/www.w3.org\/2000\/svg\"><path d=\"M696 533C708 521 713 504 713 487 713 471 708 454 696 446L400 146C388 133 375 125 354 125 338 125 325 129 313 142 300 154 292 171 292 187 292 204 296 221 308 233L563 492 304 771C292 783 288 800 288 817 288 833 296 850 308 863 321 871 338 875 354 875 371 875 388 867 400 854L696 533Z\"><\/path><\/svg>\t\t\t\t\t<\/div>\n\t\t\t\t\n\t\t\t\t\t\t\t\t\t<div class=\"swiper-pagination\"><\/div>\n\t\t\t\t\t\t\t\t\t<\/div>\n\t\t\t\t\t\t<\/div>\n\t\t\t\t\t<\/div>\n\t\t\t\t<\/div>\n\t\t\t\t<\/div>","protected":false},"excerpt":{"rendered":"<p>Team Team Profile The founder of Huayicai and the inventor of novel material. Using novel materials, the lanterns can be used outdoors for one year without fading, and indoors for up to 10 years. Da Gao, has been engaged in landscape lighting industry since graduating from University, has gathered a team for the Lantern Festival [&hellip;]<\/p>","protected":false},"author":1,"featured_media":0,"parent":0,"menu_order":0,"comment_status":"closed","ping_status":"closed","template":"elementor_header_footer","meta":{"footnotes":""},"class_list":["post-60","page","type-page","status-publish","hentry"],"yoast_head":"<!-- This site is optimized with the Yoast SEO Premium plugin v23.6 (Yoast SEO v27.4) - https:\/\/yoast.com\/product\/yoast-seo-premium-wordpress\/ -->\n<title>Team - holilite.com<\/title>\n<meta name=\"robots\" content=\"index, follow, max-snippet:-1, max-image-preview:large, max-video-preview:-1\" \/>\n<link rel=\"canonical\" href=\"https:\/\/holilite.com\/fr\/equipe\/\" \/>\n<meta property=\"og:locale\" content=\"fr_FR\" \/>\n<meta property=\"og:type\" content=\"article\" \/>\n<meta property=\"og:title\" content=\"Team\" \/>\n<meta property=\"og:description\" content=\"Team Team Profile The founder of Huayicai and the inventor of novel material. Using novel materials, the lanterns can be used outdoors for one year without fading, and indoors for up to 10 years. Da Gao, has been engaged in landscape lighting industry since graduating from University, has gathered a team for the Lantern Festival [&hellip;]\" \/>\n<meta property=\"og:url\" content=\"https:\/\/holilite.com\/fr\/equipe\/\" \/>\n<meta property=\"og:site_name\" content=\"holilite.com\" \/>\n<meta property=\"article:modified_time\" content=\"2025-11-05T07:05:17+00:00\" \/>\n<meta property=\"og:image\" content=\"https:\/\/holilite.com\/wp-content\/uploads\/2025\/07\/team-1.jpg\" \/>\n\t<meta property=\"og:image:width\" content=\"781\" \/>\n\t<meta property=\"og:image:height\" content=\"781\" \/>\n\t<meta property=\"og:image:type\" content=\"image\/jpeg\" \/>\n<meta name=\"twitter:card\" content=\"summary_large_image\" \/>\n<meta name=\"twitter:label1\" content=\"Dur\u00e9e de lecture estim\u00e9e\" \/>\n\t<meta name=\"twitter:data1\" content=\"1 minute\" \/>\n<script type=\"application\/ld+json\" class=\"yoast-schema-graph\">{\"@context\":\"https:\\\/\\\/schema.org\",\"@graph\":[{\"@type\":\"WebPage\",\"@id\":\"https:\\\/\\\/holilite.com\\\/fr\\\/equipe\\\/\",\"url\":\"https:\\\/\\\/holilite.com\\\/fr\\\/equipe\\\/\",\"name\":\"Team - holilite.com\",\"isPartOf\":{\"@id\":\"https:\\\/\\\/holilite.com\\\/fr\\\/#website\"},\"primaryImageOfPage\":{\"@id\":\"https:\\\/\\\/holilite.com\\\/fr\\\/equipe\\\/#primaryimage\"},\"image\":{\"@id\":\"https:\\\/\\\/holilite.com\\\/fr\\\/equipe\\\/#primaryimage\"},\"thumbnailUrl\":\"https:\\\/\\\/holilite.com\\\/wp-content\\\/uploads\\\/2025\\\/07\\\/team-1.jpg\",\"datePublished\":\"2025-07-16T00:36:38+00:00\",\"dateModified\":\"2025-11-05T07:05:17+00:00\",\"breadcrumb\":{\"@id\":\"https:\\\/\\\/holilite.com\\\/fr\\\/equipe\\\/#breadcrumb\"},\"inLanguage\":\"fr-FR\",\"potentialAction\":[{\"@type\":\"ReadAction\",\"target\":[\"https:\\\/\\\/holilite.com\\\/fr\\\/equipe\\\/\"]}]},{\"@type\":\"ImageObject\",\"inLanguage\":\"fr-FR\",\"@id\":\"https:\\\/\\\/holilite.com\\\/fr\\\/equipe\\\/#primaryimage\",\"url\":\"https:\\\/\\\/holilite.com\\\/wp-content\\\/uploads\\\/2025\\\/07\\\/team-1.jpg\",\"contentUrl\":\"https:\\\/\\\/holilite.com\\\/wp-content\\\/uploads\\\/2025\\\/07\\\/team-1.jpg\"},{\"@type\":\"BreadcrumbList\",\"@id\":\"https:\\\/\\\/holilite.com\\\/fr\\\/equipe\\\/#breadcrumb\",\"itemListElement\":[{\"@type\":\"ListItem\",\"position\":1,\"name\":\"Home\",\"item\":\"https:\\\/\\\/holilite.com\\\/en\\\/\"},{\"@type\":\"ListItem\",\"position\":2,\"name\":\"Team\"}]},{\"@type\":\"WebSite\",\"@id\":\"https:\\\/\\\/holilite.com\\\/fr\\\/#website\",\"url\":\"https:\\\/\\\/holilite.com\\\/fr\\\/\",\"name\":\"holilite.com\",\"description\":\"\",\"publisher\":{\"@id\":\"https:\\\/\\\/holilite.com\\\/fr\\\/#organization\"},\"potentialAction\":[{\"@type\":\"SearchAction\",\"target\":{\"@type\":\"EntryPoint\",\"urlTemplate\":\"https:\\\/\\\/holilite.com\\\/fr\\\/?s={search_term_string}\"},\"query-input\":{\"@type\":\"PropertyValueSpecification\",\"valueRequired\":true,\"valueName\":\"search_term_string\"}}],\"inLanguage\":\"fr-FR\"},{\"@type\":\"Organization\",\"@id\":\"https:\\\/\\\/holilite.com\\\/fr\\\/#organization\",\"name\":\"holilite.com\",\"url\":\"https:\\\/\\\/holilite.com\\\/fr\\\/\",\"logo\":{\"@type\":\"ImageObject\",\"inLanguage\":\"fr-FR\",\"@id\":\"https:\\\/\\\/holilite.com\\\/fr\\\/#\\\/schema\\\/logo\\\/image\\\/\",\"url\":\"https:\\\/\\\/holilite.com\\\/wp-content\\\/uploads\\\/2025\\\/07\\\/\u56fe\u5c42-1-1.png\",\"contentUrl\":\"https:\\\/\\\/holilite.com\\\/wp-content\\\/uploads\\\/2025\\\/07\\\/\u56fe\u5c42-1-1.png\",\"width\":889,\"height\":755,\"caption\":\"holilite.com\"},\"image\":{\"@id\":\"https:\\\/\\\/holilite.com\\\/fr\\\/#\\\/schema\\\/logo\\\/image\\\/\"}}]}<\/script>\n<!-- \/ Yoast SEO Premium plugin. -->","yoast_head_json":{"title":"\u00c9quipe - holilite.com","robots":{"index":"index","follow":"follow","max-snippet":"max-snippet:-1","max-image-preview":"max-image-preview:large","max-video-preview":"max-video-preview:-1"},"canonical":"https:\/\/holilite.com\/fr\/equipe\/","og_locale":"fr_FR","og_type":"article","og_title":"Team","og_description":"Team Team Profile The founder of Huayicai and the inventor of novel material. Using novel materials, the lanterns can be used outdoors for one year without fading, and indoors for up to 10 years. Da Gao, has been engaged in landscape lighting industry since graduating from University, has gathered a team for the Lantern Festival [&hellip;]","og_url":"https:\/\/holilite.com\/fr\/equipe\/","og_site_name":"holilite.com","article_modified_time":"2025-11-05T07:05:17+00:00","og_image":[{"width":781,"height":781,"url":"https:\/\/holilite.com\/wp-content\/uploads\/2025\/07\/team-1.jpg","type":"image\/jpeg"}],"twitter_card":"summary_large_image","twitter_misc":{"Dur\u00e9e de lecture estim\u00e9e":"1 minute"},"schema":{"@context":"https:\/\/schema.org","@graph":[{"@type":"WebPage","@id":"https:\/\/holilite.com\/fr\/equipe\/","url":"https:\/\/holilite.com\/fr\/equipe\/","name":"\u00c9quipe - holilite.com","isPartOf":{"@id":"https:\/\/holilite.com\/fr\/#website"},"primaryImageOfPage":{"@id":"https:\/\/holilite.com\/fr\/equipe\/#primaryimage"},"image":{"@id":"https:\/\/holilite.com\/fr\/equipe\/#primaryimage"},"thumbnailUrl":"https:\/\/holilite.com\/wp-content\/uploads\/2025\/07\/team-1.jpg","datePublished":"2025-07-16T00:36:38+00:00","dateModified":"2025-11-05T07:05:17+00:00","breadcrumb":{"@id":"https:\/\/holilite.com\/fr\/equipe\/#breadcrumb"},"inLanguage":"fr-FR","potentialAction":[{"@type":"ReadAction","target":["https:\/\/holilite.com\/fr\/equipe\/"]}]},{"@type":"ImageObject","inLanguage":"fr-FR","@id":"https:\/\/holilite.com\/fr\/equipe\/#primaryimage","url":"https:\/\/holilite.com\/wp-content\/uploads\/2025\/07\/team-1.jpg","contentUrl":"https:\/\/holilite.com\/wp-content\/uploads\/2025\/07\/team-1.jpg"},{"@type":"BreadcrumbList","@id":"https:\/\/holilite.com\/fr\/equipe\/#breadcrumb","itemListElement":[{"@type":"ListItem","position":1,"name":"Home","item":"https:\/\/holilite.com\/en\/"},{"@type":"ListItem","position":2,"name":"Team"}]},{"@type":"WebSite","@id":"https:\/\/holilite.com\/fr\/#website","url":"https:\/\/holilite.com\/fr\/","name":"holilite.com","description":"","publisher":{"@id":"https:\/\/holilite.com\/fr\/#organization"},"potentialAction":[{"@type":"SearchAction","target":{"@type":"EntryPoint","urlTemplate":"https:\/\/holilite.com\/fr\/?s={search_term_string}"},"query-input":{"@type":"PropertyValueSpecification","valueRequired":true,"valueName":"search_term_string"}}],"inLanguage":"fr-FR"},{"@type":"Organization","@id":"https:\/\/holilite.com\/fr\/#organization","name":"holilite.com","url":"https:\/\/holilite.com\/fr\/","logo":{"@type":"ImageObject","inLanguage":"fr-FR","@id":"https:\/\/holilite.com\/fr\/#\/schema\/logo\/image\/","url":"https:\/\/holilite.com\/wp-content\/uploads\/2025\/07\/\u56fe\u5c42-1-1.png","contentUrl":"https:\/\/holilite.com\/wp-content\/uploads\/2025\/07\/\u56fe\u5c42-1-1.png","width":889,"height":755,"caption":"holilite.com"},"image":{"@id":"https:\/\/holilite.com\/fr\/#\/schema\/logo\/image\/"}}]}},"_links":{"self":[{"href":"https:\/\/holilite.com\/fr\/wp-json\/wp\/v2\/pages\/60","targetHints":{"allow":["GET"]}}],"collection":[{"href":"https:\/\/holilite.com\/fr\/wp-json\/wp\/v2\/pages"}],"about":[{"href":"https:\/\/holilite.com\/fr\/wp-json\/wp\/v2\/types\/page"}],"author":[{"embeddable":true,"href":"https:\/\/holilite.com\/fr\/wp-json\/wp\/v2\/users\/1"}],"replies":[{"embeddable":true,"href":"https:\/\/holilite.com\/fr\/wp-json\/wp\/v2\/comments?post=60"}],"version-history":[{"count":1,"href":"https:\/\/holilite.com\/fr\/wp-json\/wp\/v2\/pages\/60\/revisions"}],"predecessor-version":[{"id":4408,"href":"https:\/\/holilite.com\/fr\/wp-json\/wp\/v2\/pages\/60\/revisions\/4408"}],"wp:attachment":[{"href":"https:\/\/holilite.com\/fr\/wp-json\/wp\/v2\/media?parent=60"}],"curies":[{"name":"wp","href":"https:\/\/api.w.org\/{rel}","templated":true}]}}