{"id":214,"date":"2025-07-16T01:33:17","date_gmt":"2025-07-16T09:33:17","guid":{"rendered":"https:\/\/holilite.com\/?page_id=214"},"modified":"2025-10-08T22:06:20","modified_gmt":"2025-10-09T06:06:20","slug":"over-30-international-quality-and-safety-certifications","status":"publish","type":"page","link":"https:\/\/holilite.com\/fr\/certificats\/","title":{"rendered":"Certifications"},"content":{"rendered":"<div data-elementor-type=\"wp-page\" data-elementor-id=\"214\" class=\"elementor elementor-214\" data-elementor-post-type=\"page\">\n\t\t\t\t<div class=\"elementor-element elementor-element-187695e e-flex e-con-boxed e-con e-parent\" data-id=\"187695e\" data-element_type=\"container\" data-e-type=\"container\" data-settings=\"{&quot;background_background&quot;:&quot;classic&quot;}\">\n\t\t\t\t\t<div class=\"e-con-inner\">\n\t\t\t\t<div class=\"elementor-element elementor-element-801585d elementor-align-left elementor-hidden-mobile elementor-widget elementor-widget-breadcrumbs\" data-id=\"801585d\" data-element_type=\"widget\" data-e-type=\"widget\" data-widget_type=\"breadcrumbs.default\">\n\t\t\t\t<div class=\"elementor-widget-container\">\n\t\t\t\t\t<p id=\"breadcrumbs\"><span><span><a href=\"https:\/\/holilite.com\/fr\/\">Accueil<\/a><\/span><\/span><\/p>\t\t\t\t<\/div>\n\t\t\t\t<\/div>\n\t\t\t\t<div class=\"elementor-element elementor-element-58bf938 elementor-widget elementor-widget-heading\" data-id=\"58bf938\" data-element_type=\"widget\" data-e-type=\"widget\" data-widget_type=\"heading.default\">\n\t\t\t\t\t<h2 class=\"elementor-heading-title elementor-size-default\">Certifications<\/h2>\t\t\t\t<\/div>\n\t\t\t\t\t<\/div>\n\t\t\t\t<\/div>\n\t\t<div class=\"elementor-element elementor-element-010ae3b e-flex e-con-boxed e-con e-parent\" data-id=\"010ae3b\" data-element_type=\"container\" data-e-type=\"container\">\n\t\t\t\t\t<div class=\"e-con-inner\">\n\t\t\t\t<div class=\"elementor-element elementor-element-60f254c elementor-widget elementor-widget-image\" data-id=\"60f254c\" data-element_type=\"widget\" data-e-type=\"widget\" data-widget_type=\"image.default\">\n\t\t\t\t\t\t\t\t\t\t\t\t\t\t\t<img fetchpriority=\"high\" decoding=\"async\" width=\"1600\" height=\"664\" src=\"https:\/\/holilite.com\/wp-content\/uploads\/2025\/07\/Obtained-30-quality-certification-certificates-for-safety-regulations-as-well-as-multiple-management-system-certification-certificates.jpg\" class=\"attachment-full size-full wp-image-226\" alt=\"\" srcset=\"https:\/\/holilite.com\/wp-content\/uploads\/2025\/07\/Obtained-30-quality-certification-certificates-for-safety-regulations-as-well-as-multiple-management-system-certification-certificates.jpg 1600w, https:\/\/holilite.com\/wp-content\/uploads\/2025\/07\/Obtained-30-quality-certification-certificates-for-safety-regulations-as-well-as-multiple-management-system-certification-certificates-300x125.jpg 300w, https:\/\/holilite.com\/wp-content\/uploads\/2025\/07\/Obtained-30-quality-certification-certificates-for-safety-regulations-as-well-as-multiple-management-system-certification-certificates-1024x425.jpg 1024w, https:\/\/holilite.com\/wp-content\/uploads\/2025\/07\/Obtained-30-quality-certification-certificates-for-safety-regulations-as-well-as-multiple-management-system-certification-certificates-768x319.jpg 768w, https:\/\/holilite.com\/wp-content\/uploads\/2025\/07\/Obtained-30-quality-certification-certificates-for-safety-regulations-as-well-as-multiple-management-system-certification-certificates-1536x637.jpg 1536w\" sizes=\"(max-width: 1600px) 100vw, 1600px\" \/>\t\t\t\t\t\t\t\t\t\t\t\t\t\t\t<\/div>\n\t\t<div class=\"elementor-element elementor-element-59c0a0c e-grid e-con-full e-con e-child\" data-id=\"59c0a0c\" data-element_type=\"container\" data-e-type=\"container\">\n\t\t\t\t<div class=\"elementor-element elementor-element-ca25a4f elementor-widget elementor-widget-image\" data-id=\"ca25a4f\" data-element_type=\"widget\" data-e-type=\"widget\" data-widget_type=\"image.default\">\n\t\t\t\t\t\t\t\t\t\t\t\t\t\t\t<img decoding=\"async\" width=\"800\" height=\"534\" src=\"https:\/\/holilite.com\/wp-content\/uploads\/2025\/07\/Certificate12-1-1024x683.jpg\" class=\"attachment-large size-large wp-image-227\" alt=\"Plus de 30 certifications internationales de qualit\u00e9 et de s\u00e9curit\u00e9\" srcset=\"https:\/\/holilite.com\/wp-content\/uploads\/2025\/07\/Certificate12-1-1024x683.jpg 1024w, https:\/\/holilite.com\/wp-content\/uploads\/2025\/07\/Certificate12-1-300x200.jpg 300w, https:\/\/holilite.com\/wp-content\/uploads\/2025\/07\/Certificate12-1-768x513.jpg 768w, https:\/\/holilite.com\/wp-content\/uploads\/2025\/07\/Certificate12-1.jpg 1266w\" sizes=\"(max-width: 800px) 100vw, 800px\" \/>\t\t\t\t\t\t\t\t\t\t\t\t\t\t\t<\/div>\n\t\t\t\t<div class=\"elementor-element elementor-element-c608134 elementor-widget elementor-widget-image\" data-id=\"c608134\" data-element_type=\"widget\" data-e-type=\"widget\" data-widget_type=\"image.default\">\n\t\t\t\t\t\t\t\t\t\t\t\t\t\t\t<img decoding=\"async\" width=\"800\" height=\"534\" src=\"https:\/\/holilite.com\/wp-content\/uploads\/2025\/07\/Certificate12-2-1024x683.jpg\" class=\"attachment-large size-large wp-image-228\" alt=\"Plus de 30 certifications internationales de qualit\u00e9 et de s\u00e9curit\u00e9\" srcset=\"https:\/\/holilite.com\/wp-content\/uploads\/2025\/07\/Certificate12-2-1024x683.jpg 1024w, https:\/\/holilite.com\/wp-content\/uploads\/2025\/07\/Certificate12-2-300x200.jpg 300w, https:\/\/holilite.com\/wp-content\/uploads\/2025\/07\/Certificate12-2-768x512.jpg 768w, https:\/\/holilite.com\/wp-content\/uploads\/2025\/07\/Certificate12-2.jpg 1269w\" sizes=\"(max-width: 800px) 100vw, 800px\" \/>\t\t\t\t\t\t\t\t\t\t\t\t\t\t\t<\/div>\n\t\t\t\t<\/div>\n\t\t\t\t\t<\/div>\n\t\t\t\t<\/div>\n\t\t<div class=\"elementor-element elementor-element-425d564 e-flex e-con-boxed elementor-invisible e-con e-parent\" data-id=\"425d564\" data-element_type=\"container\" data-e-type=\"container\" data-settings=\"{&quot;animation&quot;:&quot;fadeInUp&quot;}\">\n\t\t\t\t\t<div class=\"e-con-inner\">\n\t\t\t\t<div class=\"elementor-element elementor-element-e40ac9f elementor-widget elementor-widget-heading\" data-id=\"e40ac9f\" data-element_type=\"widget\" data-e-type=\"widget\" data-widget_type=\"heading.default\">\n\t\t\t\t\t<h2 class=\"elementor-heading-title elementor-size-default\">Plus de 30 certifications internationales de qualit\u00e9 et de s\u00e9curit\u00e9<\/h2>\t\t\t\t<\/div>\n\t\t\t\t<div class=\"elementor-element elementor-element-424580d elementor-widget elementor-widget-text-editor\" data-id=\"424580d\" data-element_type=\"widget\" data-e-type=\"widget\" data-widget_type=\"text-editor.default\">\n\t\t\t\t\t\t\t\t\t<h3 style=\"text-align: center;\" data-start=\"249\" data-end=\"294\"><strong data-start=\"253\" data-end=\"292\">Engagement en faveur de la qualit\u00e9<\/strong><\/h3><p data-start=\"295\" data-end=\"643\">Chez HOLILITE, la qualit\u00e9 est au c\u0153ur de tout ce que nous faisons. Nos produits r\u00e9pondent aux normes internationales les plus strictes et ont obtenu les certifications suivantes <strong data-start=\"424\" data-end=\"469\">plus de 30 certifications de qualit\u00e9 et de s\u00e9curit\u00e9<\/strong>, Ces certifications comprennent CE, UL, FCC, ISO9001 et SGS. Chaque certification refl\u00e8te notre engagement \u00e0 garantir la s\u00e9curit\u00e9, la fiabilit\u00e9 et des performances sup\u00e9rieures pour toutes les solutions d'\u00e9clairage.<\/p><h3 style=\"text-align: center;\" data-start=\"650\" data-end=\"708\"><strong data-start=\"654\" data-end=\"706\">Gestion syst\u00e9matique et innovation<\/strong><\/h3><p data-start=\"709\" data-end=\"1059\">Au-del\u00e0 des certifications de produits, nous avons mis en place de multiples <strong data-start=\"769\" data-end=\"805\">certifications des syst\u00e8mes de gestion<\/strong>, Cette approche syst\u00e9matique nous permet de maintenir la constance dans l'excellence des produits tout en am\u00e9liorant continuellement l'efficacit\u00e9 et l'innovation tout au long de notre processus de fabrication. Cette approche syst\u00e9matique nous permet de maintenir l'excellence de nos produits tout en am\u00e9liorant continuellement l'efficacit\u00e9 et l'innovation tout au long de notre processus de fabrication.<\/p><h3 style=\"text-align: center;\" data-start=\"1066\" data-end=\"1123\"><strong data-start=\"1070\" data-end=\"1121\">Reconnaissance et leadership dans l'industrie<\/strong><\/h3><p data-start=\"1124\" data-end=\"1480\">Nos r\u00e9alisations ont \u00e9t\u00e9 largement reconnues par de nombreux <strong data-start=\"1183\" data-end=\"1222\">prix de l'industrie et distinctions nationales<\/strong>, y compris le titre de \u201cHigh-Tech Enterprise\u201d (entreprise de haute technologie). Ces r\u00e9f\u00e9rences d\u00e9montrent non seulement notre expertise technique et notre capacit\u00e9 de production, mais positionnent \u00e9galement HOLILITE comme un leader mondial de confiance dans le domaine de l'\u00e9clairage festif professionnel et de la conception d'illuminations cr\u00e9atives.<\/p>\t\t\t\t\t\t\t\t<\/div>\n\t\t\t\t\t<\/div>\n\t\t\t\t<\/div>\n\t\t\t\t<\/div>","protected":false},"excerpt":{"rendered":"<p>Certificate Over 30 International Quality and Safety Certifications Commitment to Quality At HOLILITE, quality is at the heart of everything we do. Our products meet the highest international standards, having obtained over 30 quality and safety certifications, including CE, UL, FCC, ISO9001, and SGS. Each certification reflects our dedication to ensuring safety, reliability, and superior [&hellip;]<\/p>","protected":false},"author":1,"featured_media":227,"parent":0,"menu_order":0,"comment_status":"closed","ping_status":"closed","template":"elementor_header_footer","meta":{"footnotes":""},"class_list":["post-214","page","type-page","status-publish","has-post-thumbnail","hentry"],"yoast_head":"<!-- This site is optimized with the Yoast SEO Premium plugin v23.6 (Yoast SEO v27.4) - https:\/\/yoast.com\/product\/yoast-seo-premium-wordpress\/ -->\n<title>Certificate - holilite.com<\/title>\n<meta name=\"description\" content=\"HOLILITE holds over 30 international certifications including CE, UL, FCC, and ISO, ensuring top quality, safety, and reliable management across all lighting products.\" \/>\n<meta name=\"robots\" content=\"index, follow, max-snippet:-1, max-image-preview:large, max-video-preview:-1\" \/>\n<link rel=\"canonical\" href=\"https:\/\/holilite.com\/fr\/certificats\/\" \/>\n<meta property=\"og:locale\" content=\"fr_FR\" \/>\n<meta property=\"og:type\" content=\"article\" \/>\n<meta property=\"og:title\" content=\"Certificate\" \/>\n<meta property=\"og:description\" content=\"HOLILITE holds over 30 international certifications including CE, UL, FCC, and ISO, ensuring top quality, safety, and reliable management across all lighting products.\" \/>\n<meta property=\"og:url\" content=\"https:\/\/holilite.com\/fr\/certificats\/\" \/>\n<meta property=\"og:site_name\" content=\"holilite.com\" \/>\n<meta property=\"article:modified_time\" content=\"2025-10-09T06:06:20+00:00\" \/>\n<meta property=\"og:image\" content=\"https:\/\/holilite.com\/wp-content\/uploads\/2025\/07\/Certificate12-1.jpg\" \/>\n\t<meta property=\"og:image:width\" content=\"1266\" \/>\n\t<meta property=\"og:image:height\" content=\"845\" \/>\n\t<meta property=\"og:image:type\" content=\"image\/jpeg\" \/>\n<meta name=\"twitter:card\" content=\"summary_large_image\" \/>\n<meta name=\"twitter:label1\" content=\"Dur\u00e9e de lecture estim\u00e9e\" \/>\n\t<meta name=\"twitter:data1\" content=\"2 minutes\" \/>\n<script type=\"application\/ld+json\" class=\"yoast-schema-graph\">{\"@context\":\"https:\\\/\\\/schema.org\",\"@graph\":[{\"@type\":\"WebPage\",\"@id\":\"https:\\\/\\\/holilite.com\\\/fr\\\/certificats\\\/\",\"url\":\"https:\\\/\\\/holilite.com\\\/fr\\\/certificats\\\/\",\"name\":\"Certificate - holilite.com\",\"isPartOf\":{\"@id\":\"https:\\\/\\\/holilite.com\\\/fr\\\/#website\"},\"primaryImageOfPage\":{\"@id\":\"https:\\\/\\\/holilite.com\\\/fr\\\/certificats\\\/#primaryimage\"},\"image\":{\"@id\":\"https:\\\/\\\/holilite.com\\\/fr\\\/certificats\\\/#primaryimage\"},\"thumbnailUrl\":\"https:\\\/\\\/holilite.com\\\/wp-content\\\/uploads\\\/2025\\\/07\\\/Certificate12-1.jpg\",\"datePublished\":\"2025-07-16T09:33:17+00:00\",\"dateModified\":\"2025-10-09T06:06:20+00:00\",\"description\":\"HOLILITE holds over 30 international certifications including CE, UL, FCC, and ISO, ensuring top quality, safety, and reliable management across all lighting products.\",\"breadcrumb\":{\"@id\":\"https:\\\/\\\/holilite.com\\\/fr\\\/certificats\\\/#breadcrumb\"},\"inLanguage\":\"fr-FR\",\"potentialAction\":[{\"@type\":\"ReadAction\",\"target\":[\"https:\\\/\\\/holilite.com\\\/fr\\\/certificats\\\/\"]}]},{\"@type\":\"ImageObject\",\"inLanguage\":\"fr-FR\",\"@id\":\"https:\\\/\\\/holilite.com\\\/fr\\\/certificats\\\/#primaryimage\",\"url\":\"https:\\\/\\\/holilite.com\\\/wp-content\\\/uploads\\\/2025\\\/07\\\/Certificate12-1.jpg\",\"contentUrl\":\"https:\\\/\\\/holilite.com\\\/wp-content\\\/uploads\\\/2025\\\/07\\\/Certificate12-1.jpg\",\"width\":1266,\"height\":845,\"caption\":\"Over 30 International Quality and Safety Certifications\"},{\"@type\":\"BreadcrumbList\",\"@id\":\"https:\\\/\\\/holilite.com\\\/fr\\\/certificats\\\/#breadcrumb\",\"itemListElement\":[{\"@type\":\"ListItem\",\"position\":1,\"name\":\"Home\",\"item\":\"https:\\\/\\\/holilite.com\\\/en\\\/\"},{\"@type\":\"ListItem\",\"position\":2,\"name\":\"Certificate\"}]},{\"@type\":\"WebSite\",\"@id\":\"https:\\\/\\\/holilite.com\\\/fr\\\/#website\",\"url\":\"https:\\\/\\\/holilite.com\\\/fr\\\/\",\"name\":\"holilite.com\",\"description\":\"\",\"publisher\":{\"@id\":\"https:\\\/\\\/holilite.com\\\/fr\\\/#organization\"},\"potentialAction\":[{\"@type\":\"SearchAction\",\"target\":{\"@type\":\"EntryPoint\",\"urlTemplate\":\"https:\\\/\\\/holilite.com\\\/fr\\\/?s={search_term_string}\"},\"query-input\":{\"@type\":\"PropertyValueSpecification\",\"valueRequired\":true,\"valueName\":\"search_term_string\"}}],\"inLanguage\":\"fr-FR\"},{\"@type\":\"Organization\",\"@id\":\"https:\\\/\\\/holilite.com\\\/fr\\\/#organization\",\"name\":\"holilite.com\",\"url\":\"https:\\\/\\\/holilite.com\\\/fr\\\/\",\"logo\":{\"@type\":\"ImageObject\",\"inLanguage\":\"fr-FR\",\"@id\":\"https:\\\/\\\/holilite.com\\\/fr\\\/#\\\/schema\\\/logo\\\/image\\\/\",\"url\":\"https:\\\/\\\/holilite.com\\\/wp-content\\\/uploads\\\/2025\\\/07\\\/\u56fe\u5c42-1-1.png\",\"contentUrl\":\"https:\\\/\\\/holilite.com\\\/wp-content\\\/uploads\\\/2025\\\/07\\\/\u56fe\u5c42-1-1.png\",\"width\":889,\"height\":755,\"caption\":\"holilite.com\"},\"image\":{\"@id\":\"https:\\\/\\\/holilite.com\\\/fr\\\/#\\\/schema\\\/logo\\\/image\\\/\"}}]}<\/script>\n<!-- \/ Yoast SEO Premium plugin. -->","yoast_head_json":{"title":"Certificat - holilite.com","description":"HOLILITE d\u00e9tient plus de 30 certifications internationales, dont CE, UL, FCC et ISO, ce qui garantit une qualit\u00e9 sup\u00e9rieure, une s\u00e9curit\u00e9 et une gestion fiable pour tous les produits d'\u00e9clairage.","robots":{"index":"index","follow":"follow","max-snippet":"max-snippet:-1","max-image-preview":"max-image-preview:large","max-video-preview":"max-video-preview:-1"},"canonical":"https:\/\/holilite.com\/fr\/certificats\/","og_locale":"fr_FR","og_type":"article","og_title":"Certificate","og_description":"HOLILITE holds over 30 international certifications including CE, UL, FCC, and ISO, ensuring top quality, safety, and reliable management across all lighting products.","og_url":"https:\/\/holilite.com\/fr\/certificats\/","og_site_name":"holilite.com","article_modified_time":"2025-10-09T06:06:20+00:00","og_image":[{"width":1266,"height":845,"url":"https:\/\/holilite.com\/wp-content\/uploads\/2025\/07\/Certificate12-1.jpg","type":"image\/jpeg"}],"twitter_card":"summary_large_image","twitter_misc":{"Dur\u00e9e de lecture estim\u00e9e":"2 minutes"},"schema":{"@context":"https:\/\/schema.org","@graph":[{"@type":"WebPage","@id":"https:\/\/holilite.com\/fr\/certificats\/","url":"https:\/\/holilite.com\/fr\/certificats\/","name":"Certificat - holilite.com","isPartOf":{"@id":"https:\/\/holilite.com\/fr\/#website"},"primaryImageOfPage":{"@id":"https:\/\/holilite.com\/fr\/certificats\/#primaryimage"},"image":{"@id":"https:\/\/holilite.com\/fr\/certificats\/#primaryimage"},"thumbnailUrl":"https:\/\/holilite.com\/wp-content\/uploads\/2025\/07\/Certificate12-1.jpg","datePublished":"2025-07-16T09:33:17+00:00","dateModified":"2025-10-09T06:06:20+00:00","description":"HOLILITE d\u00e9tient plus de 30 certifications internationales, dont CE, UL, FCC et ISO, ce qui garantit une qualit\u00e9 sup\u00e9rieure, une s\u00e9curit\u00e9 et une gestion fiable pour tous les produits d'\u00e9clairage.","breadcrumb":{"@id":"https:\/\/holilite.com\/fr\/certificats\/#breadcrumb"},"inLanguage":"fr-FR","potentialAction":[{"@type":"ReadAction","target":["https:\/\/holilite.com\/fr\/certificats\/"]}]},{"@type":"ImageObject","inLanguage":"fr-FR","@id":"https:\/\/holilite.com\/fr\/certificats\/#primaryimage","url":"https:\/\/holilite.com\/wp-content\/uploads\/2025\/07\/Certificate12-1.jpg","contentUrl":"https:\/\/holilite.com\/wp-content\/uploads\/2025\/07\/Certificate12-1.jpg","width":1266,"height":845,"caption":"Over 30 International Quality and Safety Certifications"},{"@type":"BreadcrumbList","@id":"https:\/\/holilite.com\/fr\/certificats\/#breadcrumb","itemListElement":[{"@type":"ListItem","position":1,"name":"Home","item":"https:\/\/holilite.com\/en\/"},{"@type":"ListItem","position":2,"name":"Certificate"}]},{"@type":"WebSite","@id":"https:\/\/holilite.com\/fr\/#website","url":"https:\/\/holilite.com\/fr\/","name":"holilite.com","description":"","publisher":{"@id":"https:\/\/holilite.com\/fr\/#organization"},"potentialAction":[{"@type":"SearchAction","target":{"@type":"EntryPoint","urlTemplate":"https:\/\/holilite.com\/fr\/?s={search_term_string}"},"query-input":{"@type":"PropertyValueSpecification","valueRequired":true,"valueName":"search_term_string"}}],"inLanguage":"fr-FR"},{"@type":"Organization","@id":"https:\/\/holilite.com\/fr\/#organization","name":"holilite.com","url":"https:\/\/holilite.com\/fr\/","logo":{"@type":"ImageObject","inLanguage":"fr-FR","@id":"https:\/\/holilite.com\/fr\/#\/schema\/logo\/image\/","url":"https:\/\/holilite.com\/wp-content\/uploads\/2025\/07\/\u56fe\u5c42-1-1.png","contentUrl":"https:\/\/holilite.com\/wp-content\/uploads\/2025\/07\/\u56fe\u5c42-1-1.png","width":889,"height":755,"caption":"holilite.com"},"image":{"@id":"https:\/\/holilite.com\/fr\/#\/schema\/logo\/image\/"}}]}},"_links":{"self":[{"href":"https:\/\/holilite.com\/fr\/wp-json\/wp\/v2\/pages\/214","targetHints":{"allow":["GET"]}}],"collection":[{"href":"https:\/\/holilite.com\/fr\/wp-json\/wp\/v2\/pages"}],"about":[{"href":"https:\/\/holilite.com\/fr\/wp-json\/wp\/v2\/types\/page"}],"author":[{"embeddable":true,"href":"https:\/\/holilite.com\/fr\/wp-json\/wp\/v2\/users\/1"}],"replies":[{"embeddable":true,"href":"https:\/\/holilite.com\/fr\/wp-json\/wp\/v2\/comments?post=214"}],"version-history":[{"count":7,"href":"https:\/\/holilite.com\/fr\/wp-json\/wp\/v2\/pages\/214\/revisions"}],"predecessor-version":[{"id":3629,"href":"https:\/\/holilite.com\/fr\/wp-json\/wp\/v2\/pages\/214\/revisions\/3629"}],"wp:featuredmedia":[{"embeddable":true,"href":"https:\/\/holilite.com\/fr\/wp-json\/wp\/v2\/media\/227"}],"wp:attachment":[{"href":"https:\/\/holilite.com\/fr\/wp-json\/wp\/v2\/media?parent=214"}],"curies":[{"name":"wp","href":"https:\/\/api.w.org\/{rel}","templated":true}]}}